{"id":941,"date":"2022-01-23T22:07:45","date_gmt":"2022-01-23T22:07:45","guid":{"rendered":"https:\/\/rewild.ntechhosting.com\/shiraz-2021"},"modified":"2025-11-27T06:31:15","modified_gmt":"2025-11-27T06:31:15","slug":"syrah","status":"publish","type":"page","link":"https:\/\/rewildwine.com\/fr-ca\/syrah","title":{"rendered":"Chiraz"},"content":{"rendered":"\n<div class=\"wp-block-cover is-light\" style=\"min-height:100vh;aspect-ratio:unset;\"><span aria-hidden=\"true\" class=\"wp-block-cover__background has-cream-background-color has-background-dim-100 has-background-dim\"><\/span><div class=\"wp-block-cover__inner-container is-layout-constrained wp-block-cover-is-layout-constrained\">\n<div class=\"wp-block-group is-style-group_centered\"><div class=\"wp-block-group__inner-container is-layout-constrained wp-block-group-is-layout-constrained\">\n<div style=\"height:100px\" aria-hidden=\"true\" class=\"wp-block-spacer\"><\/div>\n\n\n\n<div class=\"wp-block-columns is-layout-flex wp-container-core-columns-is-layout-9d6595d7 wp-block-columns-is-layout-flex\">\n<div class=\"wp-block-column is-vertically-aligned-center is-layout-flow wp-block-column-is-layout-flow\" style=\"flex-basis:300px\">\n<figure class=\"wp-block-image size-large\"><img loading=\"lazy\" decoding=\"async\" width=\"435\" height=\"1024\" src=\"\/wp-content\/uploads\/2022\/01\/REWILD_SHIRAZ-2021-435x1024.jpg\" alt=\"\" class=\"wp-image-181\" srcset=\"\/wp-content\/uploads\/2022\/01\/REWILD_SHIRAZ-2021-435x1024.jpg 435w, \/wp-content\/uploads\/2022\/01\/REWILD_SHIRAZ-2021-128x300.jpg 128w, \/wp-content\/uploads\/2022\/01\/REWILD_SHIRAZ-2021-768x1807.jpg 768w, \/wp-content\/uploads\/2022\/01\/REWILD_SHIRAZ-2021-653x1536.jpg 653w, \/wp-content\/uploads\/2022\/01\/REWILD_SHIRAZ-2021.jpg 850w\" sizes=\"auto, (max-width: 435px) 100vw, 435px\" \/><\/figure>\n<\/div>\n\n\n\n<div class=\"wp-block-column is-vertically-aligned-center is-layout-flow wp-block-column-is-layout-flow\" style=\"padding-right:15px;padding-left:15px;flex-basis:400px\">\n<h2 class=\"wp-block-heading\" style=\"font-style:normal;font-weight:300\">2025<br\/>Shiraz<\/h2>\n\n\n\n<p>Corps moyen \u2014 Sec \u2014 Concentr\u00e9<\/p>\n\n\n\n<div style=\"height:20px\" aria-hidden=\"true\" class=\"wp-block-spacer\"><\/div>\n\n\n\n<hr class=\"wp-block-separator has-alpha-channel-opacity\"\/>\n\n\n\n<p>Cramoisi moyen-profond. Fruits frais de m\u00fbre et de framboise avec un soup\u00e7on de chocolat et de vanille. Abondants fruits de baies rouges et fonc\u00e9s sucr\u00e9s en bouche avec de fins tanins souples.  <strong>V\u00e9g\u00e9talien amical.<\/strong><\/p>\n\n\n\n<div style=\"height:20px\" aria-hidden=\"true\" class=\"wp-block-spacer\"><\/div>\n\n\n\n<div class=\"wp-block-buttons is-layout-flex wp-block-buttons-is-layout-flex\">\n<div class=\"wp-block-button is-style-large_button\"><a class=\"wp-block-button__link wp-element-button\" href=\"https:\/\/rewildwine.com\/fr-ca\/revendeurs\">Trouver des revendeurs<\/a><\/div>\n<\/div>\n<\/div>\n<\/div>\n\n\n\n<div style=\"height:100px\" aria-hidden=\"true\" class=\"wp-block-spacer\"><\/div>\n<\/div><\/div>\n<\/div><\/div>\n","protected":false},"excerpt":{"rendered":"","protected":false},"author":1,"featured_media":0,"parent":0,"menu_order":0,"comment_status":"closed","ping_status":"closed","template":"template-product.php","meta":{"footnotes":""},"class_list":["post-941","page","type-page","status-publish","hentry"],"_links":{"self":[{"href":"https:\/\/rewildwine.com\/fr-ca\/wp-json\/wp\/v2\/pages\/941","targetHints":{"allow":["GET"]}}],"collection":[{"href":"https:\/\/rewildwine.com\/fr-ca\/wp-json\/wp\/v2\/pages"}],"about":[{"href":"https:\/\/rewildwine.com\/fr-ca\/wp-json\/wp\/v2\/types\/page"}],"author":[{"embeddable":true,"href":"https:\/\/rewildwine.com\/fr-ca\/wp-json\/wp\/v2\/users\/1"}],"replies":[{"embeddable":true,"href":"https:\/\/rewildwine.com\/fr-ca\/wp-json\/wp\/v2\/comments?post=941"}],"version-history":[{"count":6,"href":"https:\/\/rewildwine.com\/fr-ca\/wp-json\/wp\/v2\/pages\/941\/revisions"}],"predecessor-version":[{"id":1979,"href":"https:\/\/rewildwine.com\/fr-ca\/wp-json\/wp\/v2\/pages\/941\/revisions\/1979"}],"wp:attachment":[{"href":"https:\/\/rewildwine.com\/fr-ca\/wp-json\/wp\/v2\/media?parent=941"}],"curies":[{"name":"wp","href":"https:\/\/api.w.org\/{rel}","templated":true}]}}